{"id":16650,"date":"2020-02-24T22:15:15","date_gmt":"2020-02-24T22:15:15","guid":{"rendered":"https:\/\/demo01.houzez.co\/?page_id=16650"},"modified":"2023-10-27T21:22:04","modified_gmt":"2023-10-27T21:22:04","slug":"about","status":"publish","type":"page","link":"https:\/\/ksgbienesraices.com\/es\/about\/","title":{"rendered":"Acerca de"},"content":{"rendered":"<div data-elementor-type=\"wp-page\" data-elementor-id=\"16650\" class=\"elementor elementor-16650\">\n\t\t\t\t\t\t<section class=\"elementor-section elementor-top-section elementor-element elementor-element-5b81e21 elementor-section-height-min-height animated-slow elementor-section-boxed elementor-section-height-default elementor-section-items-middle elementor-invisible\" data-id=\"5b81e21\" data-element_type=\"section\" data-settings=\"{&quot;background_background&quot;:&quot;classic&quot;,&quot;animation&quot;:&quot;fadeIn&quot;}\">\n\t\t\t\t\t\t\t<div class=\"elementor-background-overlay\"><\/div>\n\t\t\t\t\t\t\t<div class=\"elementor-container elementor-column-gap-default\">\n\t\t\t\t\t<div class=\"elementor-column elementor-col-100 elementor-top-column elementor-element elementor-element-ad367f8\" data-id=\"ad367f8\" data-element_type=\"column\">\n\t\t\t<div class=\"elementor-widget-wrap elementor-element-populated\">\n\t\t\t\t\t\t<div class=\"elementor-element elementor-element-0e7939f elementor-widget elementor-widget-heading\" data-id=\"0e7939f\" data-element_type=\"widget\" data-widget_type=\"heading.default\">\n\t\t\t\t<div class=\"elementor-widget-container\">\n\t\t\t\t\t<h1 class=\"elementor-heading-title elementor-size-default\">Acerca de Nosotros<\/h1>\t\t\t\t<\/div>\n\t\t\t\t<\/div>\n\t\t\t\t\t<\/div>\n\t\t<\/div>\n\t\t\t\t\t<\/div>\n\t\t<\/section>\n\t\t\t\t<section class=\"elementor-section elementor-top-section elementor-element elementor-element-09038dc elementor-section-boxed elementor-section-height-default elementor-section-height-default\" data-id=\"09038dc\" data-element_type=\"section\" data-settings=\"{&quot;background_background&quot;:&quot;classic&quot;}\">\n\t\t\t\t\t\t<div class=\"elementor-container elementor-column-gap-default\">\n\t\t\t\t\t<div class=\"elementor-column elementor-col-100 elementor-top-column elementor-element elementor-element-c8278ac\" data-id=\"c8278ac\" data-element_type=\"column\">\n\t\t\t<div class=\"elementor-widget-wrap elementor-element-populated\">\n\t\t\t\t\t\t<div class=\"elementor-element elementor-element-3271868 elementor-widget elementor-widget-spacer\" data-id=\"3271868\" data-element_type=\"widget\" data-widget_type=\"spacer.default\">\n\t\t\t\t<div class=\"elementor-widget-container\">\n\t\t\t\t\t\t\t<div class=\"elementor-spacer\">\n\t\t\t<div class=\"elementor-spacer-inner\"><\/div>\n\t\t<\/div>\n\t\t\t\t\t\t<\/div>\n\t\t\t\t<\/div>\n\t\t\t\t<div class=\"elementor-element elementor-element-e7372b6 animated-slow elementor-invisible elementor-widget elementor-widget-houzez_elementor_section_title\" data-id=\"e7372b6\" data-element_type=\"widget\" data-settings=\"{&quot;_animation&quot;:&quot;fadeIn&quot;}\" data-widget_type=\"houzez_elementor_section_title.default\">\n\t\t\t\t<div class=\"elementor-widget-container\">\n\t\t\t\t\t            <div class=\"houzez_section_title_wrap section-title-module\">\n                                    <h2 class=\"houzez_section_title\">Nuestra Visi\u00f3n\n<\/h2>\n                \n                            <\/div>\n            \t\t\t\t<\/div>\n\t\t\t\t<\/div>\n\t\t\t\t<div class=\"elementor-element elementor-element-69fe9b8 elementor-widget elementor-widget-text-editor\" data-id=\"69fe9b8\" data-element_type=\"widget\" data-widget_type=\"text-editor.default\">\n\t\t\t\t<div class=\"elementor-widget-container\">\n\t\t\t\t\t\t\t\t\t<p>\"En KSG Real Estate, nuestra visi\u00f3n es redefinir la industria inmobiliaria estableciendo nuevos est\u00e1ndares de excelencia e innovaci\u00f3n. Aspiramos a convertirnos en el socio inmobiliario m\u00e1s confiable y preferido tanto para individuos como para empresas, tanto a nivel local como global.<\/p><p>Visualizamos un futuro en el que KSG Real Estate sea sin\u00f3nimo de integridad, profesionalismo y un servicio al cliente inigualable. Nuestro compromiso con pr\u00e1cticas \u00e9ticas y transparencia ser\u00e1 la piedra angular de nuestro \u00e9xito.<\/p><p>Continuamente nos esforzaremos por anticipar y satisfacer las cambiantes necesidades de nuestros clientes en el din\u00e1mico mercado inmobiliario. Nuestra dedicaci\u00f3n a mantenernos a la vanguardia de las tendencias de la industria, adoptar tecnolog\u00eda de vanguardia y cultivar la experiencia de nuestro equipo nos permitir\u00e1 ofrecer resultados excepcionales.<\/p><p>A medida que expandimos nuestra presencia en diversos mercados, nuestra visi\u00f3n es crear conexiones duraderas y significativas entre las personas y sus propiedades so\u00f1adas. Nuestro objetivo es fomentar comunidades vibrantes, estimular el crecimiento econ\u00f3mico y mejorar la calidad de vida de todos aquellos a quienes servimos.<\/p><p>La visi\u00f3n de KSG Real Estate no solo es sobresalir en el \u00e1mbito inmobiliario, sino tambi\u00e9n contribuir de manera positiva a la sociedad promoviendo pr\u00e1cticas sostenibles y apoyando iniciativas ben\u00e9ficas. Creemos en dejar un legado de prosperidad, confiabilidad y buena voluntad en cada comunidad que tocamos.<\/p><p>En la b\u00fasqueda de nuestra visi\u00f3n, estamos comprometidos a forjar asociaciones duraderas, fomentar una cultura de innovaci\u00f3n y empoderar a nuestros dedicados miembros del equipo para que alcancen su m\u00e1ximo potencial. Juntos, seguiremos superando expectativas, creando un futuro en el que KSG Real Estate sea el ep\u00edtome de la excelencia en la industria inmobiliaria.\"<\/p><p>\"Esta declaraci\u00f3n de visi\u00f3n refleja la aspiraci\u00f3n de la empresa de ser l\u00edder en la industria inmobiliaria mientras enfatiza valores, compromiso con los clientes, innovaci\u00f3n y participaci\u00f3n comunitaria.\"<\/p>\t\t\t\t\t\t\t\t<\/div>\n\t\t\t\t<\/div>\n\t\t\t\t<div class=\"elementor-element elementor-element-89a95a6 elementor-widget elementor-widget-spacer\" data-id=\"89a95a6\" data-element_type=\"widget\" data-widget_type=\"spacer.default\">\n\t\t\t\t<div class=\"elementor-widget-container\">\n\t\t\t\t\t\t\t<div class=\"elementor-spacer\">\n\t\t\t<div class=\"elementor-spacer-inner\"><\/div>\n\t\t<\/div>\n\t\t\t\t\t\t<\/div>\n\t\t\t\t<\/div>\n\t\t\t\t\t<\/div>\n\t\t<\/div>\n\t\t\t\t\t<\/div>\n\t\t<\/section>\n\t\t\t\t<section class=\"elementor-section elementor-top-section elementor-element elementor-element-dcb9a9c elementor-section-content-middle elementor-section-stretched elementor-section-full_width elementor-section-height-default elementor-section-height-default\" data-id=\"dcb9a9c\" data-element_type=\"section\" data-settings=\"{&quot;stretch_section&quot;:&quot;section-stretched&quot;,&quot;background_background&quot;:&quot;classic&quot;}\">\n\t\t\t\t\t\t\t<div class=\"elementor-background-overlay\"><\/div>\n\t\t\t\t\t\t\t<div class=\"elementor-container elementor-column-gap-wide\">\n\t\t\t\t\t<div class=\"elementor-column elementor-col-100 elementor-top-column elementor-element elementor-element-e550c9a\" data-id=\"e550c9a\" data-element_type=\"column\">\n\t\t\t<div class=\"elementor-widget-wrap elementor-element-populated\">\n\t\t\t\t\t\t<div class=\"elementor-element elementor-element-b526b91 elementor-widget elementor-widget-houzez_elementor_space\" data-id=\"b526b91\" data-element_type=\"widget\" data-widget_type=\"houzez_elementor_space.default\">\n\t\t\t\t<div class=\"elementor-widget-container\">\n\t\t\t\t\t        <div class=\"houzez-spacer\">\n            <div class=\"houzez-spacer-inner\"><\/div>\n        <\/div>\n        \t\t\t\t<\/div>\n\t\t\t\t<\/div>\n\t\t\t\t<section class=\"elementor-section elementor-inner-section elementor-element elementor-element-b2612dc elementor-section-boxed elementor-section-height-default elementor-section-height-default\" data-id=\"b2612dc\" data-element_type=\"section\">\n\t\t\t\t\t\t<div class=\"elementor-container elementor-column-gap-extended\">\n\t\t\t\t\t<div class=\"elementor-column elementor-col-100 elementor-inner-column elementor-element elementor-element-4328968\" data-id=\"4328968\" data-element_type=\"column\">\n\t\t\t<div class=\"elementor-widget-wrap elementor-element-populated\">\n\t\t\t\t\t\t<div class=\"elementor-element elementor-element-2752dba animated-slow elementor-invisible elementor-widget elementor-widget-houzez_elementor_section_title\" data-id=\"2752dba\" data-element_type=\"widget\" data-settings=\"{&quot;_animation&quot;:&quot;fadeIn&quot;}\" data-widget_type=\"houzez_elementor_section_title.default\">\n\t\t\t\t<div class=\"elementor-widget-container\">\n\t\t\t\t\t            <div class=\"houzez_section_title_wrap section-title-module\">\n                                    <h2 class=\"houzez_section_title\">Testimonios<\/h2>\n                \n                                    <p class=\"houzez_section_subtitle\">Lorem ipsum dolor sit amet, consectetur adipisicing elit<\/p>\n                            <\/div>\n            \t\t\t\t<\/div>\n\t\t\t\t<\/div>\n\t\t\t\t<div class=\"elementor-element elementor-element-91b1f9e animated-slow elementor-invisible elementor-widget elementor-widget-houzez_elementor_testimonials_v2\" data-id=\"91b1f9e\" data-element_type=\"widget\" data-settings=\"{&quot;_animation&quot;:&quot;fadeIn&quot;}\" data-widget_type=\"houzez_elementor_testimonials_v2.default\">\n\t\t\t\t<div class=\"elementor-widget-container\">\n\t\t\t\t\t\n            <div class=\"testimonials-module testimonials-module-v2\">\n                <div class=\"row\">\n                    \n                            <div class=\"col-md-4 col-sm-12\">\n                                <div class=\"testimonial-item testimonial-item-v2\">\n\t<div class=\"testimonial-icon\">\n\t\t<i class=\"houzez-icon icon-close-quote\"><\/i>\n\t<\/div><!-- testimonial-icon -->\n\t<div class=\"testimonial-body\">\n\t\t\"Recomiendo a mi colega Karina Serna por su profesionalismo y amplia experiencia en el sector inmobiliario. Felicitaciones!!!!\"\t<\/div><!-- testimonial-body -->\n\t<div class=\"d-flex align-items-center\">\n\t\t\n\t\t\t\n\n\t\t<div class=\"testimonial-info\">\n\t\t\t <strong>Israel Varela<\/strong><br>\n\t\t\t<em>\n\t\t\t\tAgente de bienes ra\u00edces            <\/em>\n\t\t<\/div><!-- testimonial-info -->\n\t<\/div><!-- d-flex -->\n<\/div><!-- testimonial-item -->                            <\/div>\n                    \n                            <div class=\"col-md-4 col-sm-12\">\n                                <div class=\"testimonial-item testimonial-item-v2\">\n\t<div class=\"testimonial-icon\">\n\t\t<i class=\"houzez-icon icon-close-quote\"><\/i>\n\t<\/div><!-- testimonial-icon -->\n\t<div class=\"testimonial-body\">\n\t\tRecomiendo Lic. Serna 100% por su honradez y puntualidad por encima de todo. Ella tiene el control completo de mis propiedades. Felicitaciones, Lic., para su eficiencia.\t<\/div><!-- testimonial-body -->\n\t<div class=\"d-flex align-items-center\">\n\t\t\n\t\t\t\n\n\t\t<div class=\"testimonial-info\">\n\t\t\t <strong>Teresa Gonzalez Elias<\/strong><br>\n\t\t\t<em>\n\t\t\t\tCliente            <\/em>\n\t\t<\/div><!-- testimonial-info -->\n\t<\/div><!-- d-flex -->\n<\/div><!-- testimonial-item -->                            <\/div>\n                    \n                            <div class=\"col-md-4 col-sm-12\">\n                                <div class=\"testimonial-item testimonial-item-v2\">\n\t<div class=\"testimonial-icon\">\n\t\t<i class=\"houzez-icon icon-close-quote\"><\/i>\n\t<\/div><!-- testimonial-icon -->\n\t<div class=\"testimonial-body\">\n\t\tRecomiendo KSG Bienes Y Ra\u00edces, el mejor en Tijuana. Gracias, Licenciada, por su ayuda profesional con casa de alquiler \t<\/div><!-- testimonial-body -->\n\t<div class=\"d-flex align-items-center\">\n\t\t\n\t\t\t\n\n\t\t<div class=\"testimonial-info\">\n\t\t\t <strong>Anis Ayala Gorrion<\/strong><br>\n\t\t\t<em>\n\t\t\t\tCliente            <\/em>\n\t\t<\/div><!-- testimonial-info -->\n\t<\/div><!-- d-flex -->\n<\/div><!-- testimonial-item -->                            <\/div>\n                                    <\/div>\n            <\/div><!-- testimonials-module -->\n\n        \n\n        \t\t\t\t<\/div>\n\t\t\t\t<\/div>\n\t\t\t\t\t<\/div>\n\t\t<\/div>\n\t\t\t\t\t<\/div>\n\t\t<\/section>\n\t\t\t\t\t<\/div>\n\t\t<\/div>\n\t\t\t\t\t<\/div>\n\t\t<\/section>\n\t\t\t\t<\/div>","protected":false},"excerpt":{"rendered":"<p>About Us Our Vision &#8220;At KSG Real Estate, our vision is to redefine the real estate industry by setting new standards of excellence and innovation. We aspire to become the most trusted and preferred real estate partner for individuals and businesses alike, both locally and globally. We envision a future where KSG Real Estate is [&hellip;]<\/p>","protected":false},"author":1,"featured_media":0,"parent":0,"menu_order":0,"comment_status":"closed","ping_status":"closed","template":"template\/template-homepage.php","meta":{"footnotes":""},"class_list":["post-16650","page","type-page","status-publish","hentry"],"_links":{"self":[{"href":"https:\/\/ksgbienesraices.com\/es\/wp-json\/wp\/v2\/pages\/16650","targetHints":{"allow":["GET"]}}],"collection":[{"href":"https:\/\/ksgbienesraices.com\/es\/wp-json\/wp\/v2\/pages"}],"about":[{"href":"https:\/\/ksgbienesraices.com\/es\/wp-json\/wp\/v2\/types\/page"}],"author":[{"embeddable":true,"href":"https:\/\/ksgbienesraices.com\/es\/wp-json\/wp\/v2\/users\/1"}],"replies":[{"embeddable":true,"href":"https:\/\/ksgbienesraices.com\/es\/wp-json\/wp\/v2\/comments?post=16650"}],"version-history":[{"count":22,"href":"https:\/\/ksgbienesraices.com\/es\/wp-json\/wp\/v2\/pages\/16650\/revisions"}],"predecessor-version":[{"id":18476,"href":"https:\/\/ksgbienesraices.com\/es\/wp-json\/wp\/v2\/pages\/16650\/revisions\/18476"}],"wp:attachment":[{"href":"https:\/\/ksgbienesraices.com\/es\/wp-json\/wp\/v2\/media?parent=16650"}],"curies":[{"name":"wp","href":"https:\/\/api.w.org\/{rel}","templated":true}]}}